{"id":408,"date":"2020-08-27T07:52:31","date_gmt":"2020-08-27T05:52:31","guid":{"rendered":"https:\/\/titouanmalivoir.com\/index.php\/biography\/"},"modified":"2025-02-13T06:56:03","modified_gmt":"2025-02-13T05:56:03","slug":"biography","status":"publish","type":"page","link":"https:\/\/titouanmalivoir.com\/index.php\/biography\/","title":{"rendered":"Biograph"},"content":{"rendered":"\n<div class=\"wp-block-uagb-container uagb-block-c89de14f alignfull uagb-is-root-container\"><div class=\"uagb-container-inner-blocks-wrap\">\n<div class=\"wp-block-uagb-advanced-heading uagb-block-c166b2bc\"><h2 class=\"uagb-heading-text\"><strong>My Biography<\/strong><br><\/h2><div class=\"uagb-separator\"><\/div><\/div>\n\n\n\n<div class=\"wp-block-uagb-advanced-heading uagb-block-831c18dd\"><h2 class=\"uagb-heading-text\"><br>Hello, I\u2019m Titouan Malivoir, a French pianist and composer. I\u2019ve been passionate about music for as long as I can remember. From a young age, I trained in classical piano at the conservatory, but over time, my curiosity grew, and I found myself drawn to composition. I\u2019ve always loved exploring different musical styles, which helped me develop a rich and varied approach to my work.<br><br>I\u2019ve had the opportunity to collaborate with international companies, creating custom music, particularly for immersive sound and light shows. Working on these kinds of projects has been incredibly exciting because I get to design soundscapes that take people on a journey. It\u2019s been an amazing experience to create music for events around the world, seeing how my compositions enhance these shows to create unforgettable moments.<br><br>At the same time, I\u2019ve been developing my own personal compositions. Whether it\u2019s a full orchestra or a solo piano piece, I put my heart into every note. My music is a reflection of who I am, and I always aim to bring something new and meaningful to each project I work on. I\u2019m excited about the future and can\u2019t wait to share what\u2019s coming next.<\/h2><\/div>\n<\/div><\/div>\n","protected":false},"excerpt":{"rendered":"<p>My Biography Hello, I\u2019m Titouan Malivoir, a French pianist and composer. I\u2019ve been passionate about music for as long as I can remember. From a young age, I trained in classical piano at the conservatory, but over time, my curiosity grew, and I found myself drawn to composition. I\u2019ve always loved exploring different musical styles, [&hellip;]<\/p>\n","protected":false},"author":1,"featured_media":0,"parent":0,"menu_order":0,"comment_status":"closed","ping_status":"closed","template":"","meta":{"_uag_custom_page_level_css":"","site-sidebar-layout":"default","site-content-layout":"plain-container","ast-site-content-layout":"normal-width-container","site-content-style":"unboxed","site-sidebar-style":"unboxed","ast-global-header-display":"","ast-banner-title-visibility":"","ast-main-header-display":"","ast-hfb-above-header-display":"","ast-hfb-below-header-display":"","ast-hfb-mobile-header-display":"","site-post-title":"disabled","ast-breadcrumbs-content":"","ast-featured-img":"","footer-sml-layout":"","ast-disable-related-posts":"","theme-transparent-header-meta":"enabled","adv-header-id-meta":"","stick-header-meta":"","header-above-stick-meta":"","header-main-stick-meta":"","header-below-stick-meta":"","astra-migrate-meta-layouts":"set","ast-page-background-enabled":"default","ast-page-background-meta":{"desktop":{"background-color":"","background-image":"","background-repeat":"repeat","background-position":"center center","background-size":"auto","background-attachment":"scroll","background-type":"","background-media":"","overlay-type":"","overlay-color":"","overlay-opacity":"","overlay-gradient":""},"tablet":{"background-color":"","background-image":"","background-repeat":"repeat","background-position":"center center","background-size":"auto","background-attachment":"scroll","background-type":"","background-media":"","overlay-type":"","overlay-color":"","overlay-opacity":"","overlay-gradient":""},"mobile":{"background-color":"","background-image":"","background-repeat":"repeat","background-position":"center center","background-size":"auto","background-attachment":"scroll","background-type":"","background-media":"","overlay-type":"","overlay-color":"","overlay-opacity":"","overlay-gradient":""}},"ast-content-background-meta":{"desktop":{"background-color":"var(--ast-global-color-5)","background-image":"","background-repeat":"repeat","background-position":"center center","background-size":"auto","background-attachment":"scroll","background-type":"","background-media":"","overlay-type":"","overlay-color":"","overlay-opacity":"","overlay-gradient":""},"tablet":{"background-color":"var(--ast-global-color-5)","background-image":"","background-repeat":"repeat","background-position":"center center","background-size":"auto","background-attachment":"scroll","background-type":"","background-media":"","overlay-type":"","overlay-color":"","overlay-opacity":"","overlay-gradient":""},"mobile":{"background-color":"var(--ast-global-color-5)","background-image":"","background-repeat":"repeat","background-position":"center center","background-size":"auto","background-attachment":"scroll","background-type":"","background-media":"","overlay-type":"","overlay-color":"","overlay-opacity":"","overlay-gradient":""}},"footnotes":""},"class_list":["post-408","page","type-page","status-publish","hentry"],"yoast_head":"<!-- This site is optimized with the Yoast SEO plugin v27.4 - https:\/\/yoast.com\/product\/yoast-seo-wordpress\/ -->\n<title>Biograph - Titouan Malivoir<\/title>\n<meta name=\"description\" content=\"N\u00e9 \u00e0 Thionville le 17 ao\u00fbt 2000, ma passion pour la musique s&#039;\u00e9veille d\u00e8s l&#039;\u00e2ge de 6 ans quand je commence le piano et la batterie \u00e0 l&#039;\u00e9cole de musique de Villerupt. En 2013, je rejoins l\u2019orchestre du Pays Haut Val d&#039;Alzette en tant que pianiste. Durant l&#039;ann\u00e9e 2015, mon chemin me m\u00e8ne \u00e0 Metz o\u00f9 je suis accept\u00e9 au Conservatoire \u00e0 Rayonnement R\u00e9gional Gabriel Piern\u00e9, ce qui marque une \u00e9tape significative dans mon parcours musical. Fin 2019, mon travail est r\u00e9compens\u00e9 par l&#039;obtention du Certificat d&#039;\u00c9tudes Musicales.En parall\u00e8le, apr\u00e8s avoir d\u00e9croch\u00e9 un baccalaur\u00e9at scientifique, je m&#039;engage dans des \u00e9tudes sup\u00e9rieures, int\u00e9grant une Classe Pr\u00e9paratoire aux Grandes \u00c9coles. C&#039;est en 2020 que je m&#039;installe \u00e0 Strasbourg pour poursuivre des \u00e9tudes en \u00e9cole d&#039;ing\u00e9nieur dont je sors dipl\u00f4m\u00e9 en 2023.En plus de la musique et de mes \u00e9tudes, je trouve encore le temps de me consacrer \u00e0 mon autre grande passion qui est celle des feux d&#039;artifices. Obtenant mon certificat d&#039;artificier \u00e0 18 ans, je commence \u00e0 participer \u00e0 la r\u00e9alisation de spectacles pyrotechniques. Une rencontre d\u00e9terminante avec Vincent Bauer, jeune artiste de talent, me fera \u00e9voluer vers les spectacles de drones au profit desquels je peux alors mettre mes comp\u00e9tences \u00e0 la fois techniques et artistiques.En 2023, ma trajectoire prend une dimension internationale ! Je collabore avec la soci\u00e9t\u00e9 Diffuse \u00e0 un spectacle de drones dont je compose la musique originale. Cette cr\u00e9ation remporte le 1er prix d&#039;animation \u00e0 l&#039;International Drone Show Competition. Cet \u00e9v\u00e9nement, qui se d\u00e9roule \u00e0 Lloret de Mar en Espagne, attire plus de 50.000 spectateurs. Ce premier succ\u00e8s conforte alors mon choix de me lancer dans une carri\u00e8re musicale.\" \/>\n<meta name=\"robots\" content=\"index, follow, max-snippet:-1, max-image-preview:large, max-video-preview:-1\" \/>\n<link rel=\"canonical\" href=\"https:\/\/titouanmalivoir.com\/index.php\/biography\/\" \/>\n<meta property=\"og:locale\" content=\"en_US\" \/>\n<meta property=\"og:type\" content=\"article\" \/>\n<meta property=\"og:title\" content=\"Biograph - Titouan Malivoir\" \/>\n<meta property=\"og:description\" content=\"N\u00e9 \u00e0 Thionville le 17 ao\u00fbt 2000, ma passion pour la musique s&#039;\u00e9veille d\u00e8s l&#039;\u00e2ge de 6 ans quand je commence le piano et la batterie \u00e0 l&#039;\u00e9cole de musique de Villerupt. En 2013, je rejoins l\u2019orchestre du Pays Haut Val d&#039;Alzette en tant que pianiste. Durant l&#039;ann\u00e9e 2015, mon chemin me m\u00e8ne \u00e0 Metz o\u00f9 je suis accept\u00e9 au Conservatoire \u00e0 Rayonnement R\u00e9gional Gabriel Piern\u00e9, ce qui marque une \u00e9tape significative dans mon parcours musical. Fin 2019, mon travail est r\u00e9compens\u00e9 par l&#039;obtention du Certificat d&#039;\u00c9tudes Musicales.En parall\u00e8le, apr\u00e8s avoir d\u00e9croch\u00e9 un baccalaur\u00e9at scientifique, je m&#039;engage dans des \u00e9tudes sup\u00e9rieures, int\u00e9grant une Classe Pr\u00e9paratoire aux Grandes \u00c9coles. C&#039;est en 2020 que je m&#039;installe \u00e0 Strasbourg pour poursuivre des \u00e9tudes en \u00e9cole d&#039;ing\u00e9nieur dont je sors dipl\u00f4m\u00e9 en 2023.En plus de la musique et de mes \u00e9tudes, je trouve encore le temps de me consacrer \u00e0 mon autre grande passion qui est celle des feux d&#039;artifices. Obtenant mon certificat d&#039;artificier \u00e0 18 ans, je commence \u00e0 participer \u00e0 la r\u00e9alisation de spectacles pyrotechniques. Une rencontre d\u00e9terminante avec Vincent Bauer, jeune artiste de talent, me fera \u00e9voluer vers les spectacles de drones au profit desquels je peux alors mettre mes comp\u00e9tences \u00e0 la fois techniques et artistiques.En 2023, ma trajectoire prend une dimension internationale ! Je collabore avec la soci\u00e9t\u00e9 Diffuse \u00e0 un spectacle de drones dont je compose la musique originale. Cette cr\u00e9ation remporte le 1er prix d&#039;animation \u00e0 l&#039;International Drone Show Competition. Cet \u00e9v\u00e9nement, qui se d\u00e9roule \u00e0 Lloret de Mar en Espagne, attire plus de 50.000 spectateurs. Ce premier succ\u00e8s conforte alors mon choix de me lancer dans une carri\u00e8re musicale.\" \/>\n<meta property=\"og:url\" content=\"https:\/\/titouanmalivoir.com\/index.php\/biography\/\" \/>\n<meta property=\"og:site_name\" content=\"Titouan Malivoir\" \/>\n<meta property=\"article:publisher\" content=\"https:\/\/www.facebook.com\/profile.php?id=100073475557640\" \/>\n<meta property=\"article:modified_time\" content=\"2025-02-13T05:56:03+00:00\" \/>\n<meta property=\"og:image\" content=\"https:\/\/titouanmalivoir.com\/wp-content\/uploads\/2023\/12\/IMG_8339-Avec-accentuation-Bruit-scaled.jpeg\" \/>\n\t<meta property=\"og:image:width\" content=\"2560\" \/>\n\t<meta property=\"og:image:height\" content=\"1440\" \/>\n\t<meta property=\"og:image:type\" content=\"image\/jpeg\" \/>\n<meta name=\"twitter:card\" content=\"summary_large_image\" \/>\n<meta name=\"twitter:label1\" content=\"Est. reading time\" \/>\n\t<meta name=\"twitter:data1\" content=\"2 minutes\" \/>\n<script type=\"application\/ld+json\" class=\"yoast-schema-graph\">{\"@context\":\"https:\\\/\\\/schema.org\",\"@graph\":[{\"@type\":\"WebPage\",\"@id\":\"https:\\\/\\\/titouanmalivoir.com\\\/index.php\\\/biography\\\/\",\"url\":\"https:\\\/\\\/titouanmalivoir.com\\\/index.php\\\/biography\\\/\",\"name\":\"Biograph - Titouan Malivoir\",\"isPartOf\":{\"@id\":\"https:\\\/\\\/titouanmalivoir.com\\\/#website\"},\"datePublished\":\"2020-08-27T05:52:31+00:00\",\"dateModified\":\"2025-02-13T05:56:03+00:00\",\"description\":\"N\u00e9 \u00e0 Thionville le 17 ao\u00fbt 2000, ma passion pour la musique s'\u00e9veille d\u00e8s l'\u00e2ge de 6 ans quand je commence le piano et la batterie \u00e0 l'\u00e9cole de musique de Villerupt. En 2013, je rejoins l\u2019orchestre du Pays Haut Val d'Alzette en tant que pianiste. Durant l'ann\u00e9e 2015, mon chemin me m\u00e8ne \u00e0 Metz o\u00f9 je suis accept\u00e9 au Conservatoire \u00e0 Rayonnement R\u00e9gional Gabriel Piern\u00e9, ce qui marque une \u00e9tape significative dans mon parcours musical. Fin 2019, mon travail est r\u00e9compens\u00e9 par l'obtention du Certificat d'\u00c9tudes Musicales.En parall\u00e8le, apr\u00e8s avoir d\u00e9croch\u00e9 un baccalaur\u00e9at scientifique, je m'engage dans des \u00e9tudes sup\u00e9rieures, int\u00e9grant une Classe Pr\u00e9paratoire aux Grandes \u00c9coles. C'est en 2020 que je m'installe \u00e0 Strasbourg pour poursuivre des \u00e9tudes en \u00e9cole d'ing\u00e9nieur dont je sors dipl\u00f4m\u00e9 en 2023.En plus de la musique et de mes \u00e9tudes, je trouve encore le temps de me consacrer \u00e0 mon autre grande passion qui est celle des feux d'artifices. Obtenant mon certificat d'artificier \u00e0 18 ans, je commence \u00e0 participer \u00e0 la r\u00e9alisation de spectacles pyrotechniques. Une rencontre d\u00e9terminante avec Vincent Bauer, jeune artiste de talent, me fera \u00e9voluer vers les spectacles de drones au profit desquels je peux alors mettre mes comp\u00e9tences \u00e0 la fois techniques et artistiques.En 2023, ma trajectoire prend une dimension internationale ! Je collabore avec la soci\u00e9t\u00e9 Diffuse \u00e0 un spectacle de drones dont je compose la musique originale. Cette cr\u00e9ation remporte le 1er prix d'animation \u00e0 l'International Drone Show Competition. Cet \u00e9v\u00e9nement, qui se d\u00e9roule \u00e0 Lloret de Mar en Espagne, attire plus de 50.000 spectateurs. Ce premier succ\u00e8s conforte alors mon choix de me lancer dans une carri\u00e8re musicale.\",\"breadcrumb\":{\"@id\":\"https:\\\/\\\/titouanmalivoir.com\\\/index.php\\\/biography\\\/#breadcrumb\"},\"inLanguage\":\"en-US\",\"potentialAction\":[{\"@type\":\"ReadAction\",\"target\":[\"https:\\\/\\\/titouanmalivoir.com\\\/index.php\\\/biography\\\/\"]}]},{\"@type\":\"BreadcrumbList\",\"@id\":\"https:\\\/\\\/titouanmalivoir.com\\\/index.php\\\/biography\\\/#breadcrumb\",\"itemListElement\":[{\"@type\":\"ListItem\",\"position\":1,\"name\":\"Accueil\",\"item\":\"https:\\\/\\\/titouanmalivoir.com\\\/\"},{\"@type\":\"ListItem\",\"position\":2,\"name\":\"Biograph\"}]},{\"@type\":\"WebSite\",\"@id\":\"https:\\\/\\\/titouanmalivoir.com\\\/#website\",\"url\":\"https:\\\/\\\/titouanmalivoir.com\\\/\",\"name\":\"Titouan Malivoir\",\"description\":\"\",\"publisher\":{\"@id\":\"https:\\\/\\\/titouanmalivoir.com\\\/#\\\/schema\\\/person\\\/2d90e55f819706dc64d6d317c35f2a0a\"},\"potentialAction\":[{\"@type\":\"SearchAction\",\"target\":{\"@type\":\"EntryPoint\",\"urlTemplate\":\"https:\\\/\\\/titouanmalivoir.com\\\/?s={search_term_string}\"},\"query-input\":{\"@type\":\"PropertyValueSpecification\",\"valueRequired\":true,\"valueName\":\"search_term_string\"}}],\"inLanguage\":\"en-US\"},{\"@type\":[\"Person\",\"Organization\"],\"@id\":\"https:\\\/\\\/titouanmalivoir.com\\\/#\\\/schema\\\/person\\\/2d90e55f819706dc64d6d317c35f2a0a\",\"name\":\"titouan.malivoir\",\"image\":{\"@type\":\"ImageObject\",\"inLanguage\":\"en-US\",\"@id\":\"https:\\\/\\\/titouanmalivoir.com\\\/wp-content\\\/uploads\\\/2023\\\/09\\\/cropped-cropped-Titouan-Malivoir-500-x-500-px-8.png\",\"url\":\"https:\\\/\\\/titouanmalivoir.com\\\/wp-content\\\/uploads\\\/2023\\\/09\\\/cropped-cropped-Titouan-Malivoir-500-x-500-px-8.png\",\"contentUrl\":\"https:\\\/\\\/titouanmalivoir.com\\\/wp-content\\\/uploads\\\/2023\\\/09\\\/cropped-cropped-Titouan-Malivoir-500-x-500-px-8.png\",\"width\":512,\"height\":378,\"caption\":\"titouan.malivoir\"},\"logo\":{\"@id\":\"https:\\\/\\\/titouanmalivoir.com\\\/wp-content\\\/uploads\\\/2023\\\/09\\\/cropped-cropped-Titouan-Malivoir-500-x-500-px-8.png\"},\"description\":\"French Music Composer &amp; Soundtrack Designer \ud83c\udfb6\",\"sameAs\":[\"https:\\\/\\\/titouanmalivoir.com\",\"https:\\\/\\\/www.facebook.com\\\/profile.php?id=100073475557640\",\"https:\\\/\\\/instagram.com\\\/titouan.malivoir?igshid=MzRlODBiNWFlZA==\",\"https:\\\/\\\/www.linkedin.com\\\/in\\\/titouan-malivoir\",\"https:\\\/\\\/www.youtube.com\\\/@titouanmalivoir9041\"]}]}<\/script>\n<!-- \/ Yoast SEO plugin. -->","yoast_head_json":{"title":"Biograph - Titouan Malivoir","description":"N\u00e9 \u00e0 Thionville le 17 ao\u00fbt 2000, ma passion pour la musique s'\u00e9veille d\u00e8s l'\u00e2ge de 6 ans quand je commence le piano et la batterie \u00e0 l'\u00e9cole de musique de Villerupt. En 2013, je rejoins l\u2019orchestre du Pays Haut Val d'Alzette en tant que pianiste. Durant l'ann\u00e9e 2015, mon chemin me m\u00e8ne \u00e0 Metz o\u00f9 je suis accept\u00e9 au Conservatoire \u00e0 Rayonnement R\u00e9gional Gabriel Piern\u00e9, ce qui marque une \u00e9tape significative dans mon parcours musical. Fin 2019, mon travail est r\u00e9compens\u00e9 par l'obtention du Certificat d'\u00c9tudes Musicales.En parall\u00e8le, apr\u00e8s avoir d\u00e9croch\u00e9 un baccalaur\u00e9at scientifique, je m'engage dans des \u00e9tudes sup\u00e9rieures, int\u00e9grant une Classe Pr\u00e9paratoire aux Grandes \u00c9coles. C'est en 2020 que je m'installe \u00e0 Strasbourg pour poursuivre des \u00e9tudes en \u00e9cole d'ing\u00e9nieur dont je sors dipl\u00f4m\u00e9 en 2023.En plus de la musique et de mes \u00e9tudes, je trouve encore le temps de me consacrer \u00e0 mon autre grande passion qui est celle des feux d'artifices. Obtenant mon certificat d'artificier \u00e0 18 ans, je commence \u00e0 participer \u00e0 la r\u00e9alisation de spectacles pyrotechniques. Une rencontre d\u00e9terminante avec Vincent Bauer, jeune artiste de talent, me fera \u00e9voluer vers les spectacles de drones au profit desquels je peux alors mettre mes comp\u00e9tences \u00e0 la fois techniques et artistiques.En 2023, ma trajectoire prend une dimension internationale ! Je collabore avec la soci\u00e9t\u00e9 Diffuse \u00e0 un spectacle de drones dont je compose la musique originale. Cette cr\u00e9ation remporte le 1er prix d'animation \u00e0 l'International Drone Show Competition. Cet \u00e9v\u00e9nement, qui se d\u00e9roule \u00e0 Lloret de Mar en Espagne, attire plus de 50.000 spectateurs. Ce premier succ\u00e8s conforte alors mon choix de me lancer dans une carri\u00e8re musicale.","robots":{"index":"index","follow":"follow","max-snippet":"max-snippet:-1","max-image-preview":"max-image-preview:large","max-video-preview":"max-video-preview:-1"},"canonical":"https:\/\/titouanmalivoir.com\/index.php\/biography\/","og_locale":"en_US","og_type":"article","og_title":"Biograph - Titouan Malivoir","og_description":"N\u00e9 \u00e0 Thionville le 17 ao\u00fbt 2000, ma passion pour la musique s'\u00e9veille d\u00e8s l'\u00e2ge de 6 ans quand je commence le piano et la batterie \u00e0 l'\u00e9cole de musique de Villerupt. En 2013, je rejoins l\u2019orchestre du Pays Haut Val d'Alzette en tant que pianiste. Durant l'ann\u00e9e 2015, mon chemin me m\u00e8ne \u00e0 Metz o\u00f9 je suis accept\u00e9 au Conservatoire \u00e0 Rayonnement R\u00e9gional Gabriel Piern\u00e9, ce qui marque une \u00e9tape significative dans mon parcours musical. Fin 2019, mon travail est r\u00e9compens\u00e9 par l'obtention du Certificat d'\u00c9tudes Musicales.En parall\u00e8le, apr\u00e8s avoir d\u00e9croch\u00e9 un baccalaur\u00e9at scientifique, je m'engage dans des \u00e9tudes sup\u00e9rieures, int\u00e9grant une Classe Pr\u00e9paratoire aux Grandes \u00c9coles. C'est en 2020 que je m'installe \u00e0 Strasbourg pour poursuivre des \u00e9tudes en \u00e9cole d'ing\u00e9nieur dont je sors dipl\u00f4m\u00e9 en 2023.En plus de la musique et de mes \u00e9tudes, je trouve encore le temps de me consacrer \u00e0 mon autre grande passion qui est celle des feux d'artifices. Obtenant mon certificat d'artificier \u00e0 18 ans, je commence \u00e0 participer \u00e0 la r\u00e9alisation de spectacles pyrotechniques. Une rencontre d\u00e9terminante avec Vincent Bauer, jeune artiste de talent, me fera \u00e9voluer vers les spectacles de drones au profit desquels je peux alors mettre mes comp\u00e9tences \u00e0 la fois techniques et artistiques.En 2023, ma trajectoire prend une dimension internationale ! Je collabore avec la soci\u00e9t\u00e9 Diffuse \u00e0 un spectacle de drones dont je compose la musique originale. Cette cr\u00e9ation remporte le 1er prix d'animation \u00e0 l'International Drone Show Competition. Cet \u00e9v\u00e9nement, qui se d\u00e9roule \u00e0 Lloret de Mar en Espagne, attire plus de 50.000 spectateurs. Ce premier succ\u00e8s conforte alors mon choix de me lancer dans une carri\u00e8re musicale.","og_url":"https:\/\/titouanmalivoir.com\/index.php\/biography\/","og_site_name":"Titouan Malivoir","article_publisher":"https:\/\/www.facebook.com\/profile.php?id=100073475557640","article_modified_time":"2025-02-13T05:56:03+00:00","og_image":[{"width":2560,"height":1440,"url":"https:\/\/titouanmalivoir.com\/wp-content\/uploads\/2023\/12\/IMG_8339-Avec-accentuation-Bruit-scaled.jpeg","type":"image\/jpeg"}],"twitter_card":"summary_large_image","twitter_misc":{"Est. reading time":"2 minutes"},"schema":{"@context":"https:\/\/schema.org","@graph":[{"@type":"WebPage","@id":"https:\/\/titouanmalivoir.com\/index.php\/biography\/","url":"https:\/\/titouanmalivoir.com\/index.php\/biography\/","name":"Biograph - Titouan Malivoir","isPartOf":{"@id":"https:\/\/titouanmalivoir.com\/#website"},"datePublished":"2020-08-27T05:52:31+00:00","dateModified":"2025-02-13T05:56:03+00:00","description":"N\u00e9 \u00e0 Thionville le 17 ao\u00fbt 2000, ma passion pour la musique s'\u00e9veille d\u00e8s l'\u00e2ge de 6 ans quand je commence le piano et la batterie \u00e0 l'\u00e9cole de musique de Villerupt. En 2013, je rejoins l\u2019orchestre du Pays Haut Val d'Alzette en tant que pianiste. Durant l'ann\u00e9e 2015, mon chemin me m\u00e8ne \u00e0 Metz o\u00f9 je suis accept\u00e9 au Conservatoire \u00e0 Rayonnement R\u00e9gional Gabriel Piern\u00e9, ce qui marque une \u00e9tape significative dans mon parcours musical. Fin 2019, mon travail est r\u00e9compens\u00e9 par l'obtention du Certificat d'\u00c9tudes Musicales.En parall\u00e8le, apr\u00e8s avoir d\u00e9croch\u00e9 un baccalaur\u00e9at scientifique, je m'engage dans des \u00e9tudes sup\u00e9rieures, int\u00e9grant une Classe Pr\u00e9paratoire aux Grandes \u00c9coles. C'est en 2020 que je m'installe \u00e0 Strasbourg pour poursuivre des \u00e9tudes en \u00e9cole d'ing\u00e9nieur dont je sors dipl\u00f4m\u00e9 en 2023.En plus de la musique et de mes \u00e9tudes, je trouve encore le temps de me consacrer \u00e0 mon autre grande passion qui est celle des feux d'artifices. Obtenant mon certificat d'artificier \u00e0 18 ans, je commence \u00e0 participer \u00e0 la r\u00e9alisation de spectacles pyrotechniques. Une rencontre d\u00e9terminante avec Vincent Bauer, jeune artiste de talent, me fera \u00e9voluer vers les spectacles de drones au profit desquels je peux alors mettre mes comp\u00e9tences \u00e0 la fois techniques et artistiques.En 2023, ma trajectoire prend une dimension internationale ! Je collabore avec la soci\u00e9t\u00e9 Diffuse \u00e0 un spectacle de drones dont je compose la musique originale. Cette cr\u00e9ation remporte le 1er prix d'animation \u00e0 l'International Drone Show Competition. Cet \u00e9v\u00e9nement, qui se d\u00e9roule \u00e0 Lloret de Mar en Espagne, attire plus de 50.000 spectateurs. Ce premier succ\u00e8s conforte alors mon choix de me lancer dans une carri\u00e8re musicale.","breadcrumb":{"@id":"https:\/\/titouanmalivoir.com\/index.php\/biography\/#breadcrumb"},"inLanguage":"en-US","potentialAction":[{"@type":"ReadAction","target":["https:\/\/titouanmalivoir.com\/index.php\/biography\/"]}]},{"@type":"BreadcrumbList","@id":"https:\/\/titouanmalivoir.com\/index.php\/biography\/#breadcrumb","itemListElement":[{"@type":"ListItem","position":1,"name":"Accueil","item":"https:\/\/titouanmalivoir.com\/"},{"@type":"ListItem","position":2,"name":"Biograph"}]},{"@type":"WebSite","@id":"https:\/\/titouanmalivoir.com\/#website","url":"https:\/\/titouanmalivoir.com\/","name":"Titouan Malivoir","description":"","publisher":{"@id":"https:\/\/titouanmalivoir.com\/#\/schema\/person\/2d90e55f819706dc64d6d317c35f2a0a"},"potentialAction":[{"@type":"SearchAction","target":{"@type":"EntryPoint","urlTemplate":"https:\/\/titouanmalivoir.com\/?s={search_term_string}"},"query-input":{"@type":"PropertyValueSpecification","valueRequired":true,"valueName":"search_term_string"}}],"inLanguage":"en-US"},{"@type":["Person","Organization"],"@id":"https:\/\/titouanmalivoir.com\/#\/schema\/person\/2d90e55f819706dc64d6d317c35f2a0a","name":"titouan.malivoir","image":{"@type":"ImageObject","inLanguage":"en-US","@id":"https:\/\/titouanmalivoir.com\/wp-content\/uploads\/2023\/09\/cropped-cropped-Titouan-Malivoir-500-x-500-px-8.png","url":"https:\/\/titouanmalivoir.com\/wp-content\/uploads\/2023\/09\/cropped-cropped-Titouan-Malivoir-500-x-500-px-8.png","contentUrl":"https:\/\/titouanmalivoir.com\/wp-content\/uploads\/2023\/09\/cropped-cropped-Titouan-Malivoir-500-x-500-px-8.png","width":512,"height":378,"caption":"titouan.malivoir"},"logo":{"@id":"https:\/\/titouanmalivoir.com\/wp-content\/uploads\/2023\/09\/cropped-cropped-Titouan-Malivoir-500-x-500-px-8.png"},"description":"French Music Composer &amp; Soundtrack Designer \ud83c\udfb6","sameAs":["https:\/\/titouanmalivoir.com","https:\/\/www.facebook.com\/profile.php?id=100073475557640","https:\/\/instagram.com\/titouan.malivoir?igshid=MzRlODBiNWFlZA==","https:\/\/www.linkedin.com\/in\/titouan-malivoir","https:\/\/www.youtube.com\/@titouanmalivoir9041"]}]}},"uagb_featured_image_src":{"full":false,"thumbnail":false,"medium":false,"medium_large":false,"large":false,"1536x1536":false,"2048x2048":false},"uagb_author_info":{"display_name":"titouan.malivoir","author_link":"https:\/\/titouanmalivoir.com\/index.php\/author\/titouan-malivoir\/"},"uagb_comment_info":0,"uagb_excerpt":"My Biography Hello, I\u2019m Titouan Malivoir, a French pianist and composer. I\u2019ve been passionate about music for as long as I can remember. From a young age, I trained in classical piano at the conservatory, but over time, my curiosity grew, and I found myself drawn to composition. I\u2019ve always loved exploring different musical styles,&hellip;","_links":{"self":[{"href":"https:\/\/titouanmalivoir.com\/index.php\/wp-json\/wp\/v2\/pages\/408","targetHints":{"allow":["GET"]}}],"collection":[{"href":"https:\/\/titouanmalivoir.com\/index.php\/wp-json\/wp\/v2\/pages"}],"about":[{"href":"https:\/\/titouanmalivoir.com\/index.php\/wp-json\/wp\/v2\/types\/page"}],"author":[{"embeddable":true,"href":"https:\/\/titouanmalivoir.com\/index.php\/wp-json\/wp\/v2\/users\/1"}],"replies":[{"embeddable":true,"href":"https:\/\/titouanmalivoir.com\/index.php\/wp-json\/wp\/v2\/comments?post=408"}],"version-history":[{"count":92,"href":"https:\/\/titouanmalivoir.com\/index.php\/wp-json\/wp\/v2\/pages\/408\/revisions"}],"predecessor-version":[{"id":2101,"href":"https:\/\/titouanmalivoir.com\/index.php\/wp-json\/wp\/v2\/pages\/408\/revisions\/2101"}],"wp:attachment":[{"href":"https:\/\/titouanmalivoir.com\/index.php\/wp-json\/wp\/v2\/media?parent=408"}],"curies":[{"name":"wp","href":"https:\/\/api.w.org\/{rel}","templated":true}]}}